{"id":1125,"date":"2025-11-07T16:37:21","date_gmt":"2025-11-07T16:37:21","guid":{"rendered":"https:\/\/nutstoyou.ca\/nos-producteurs\/agriculteurs-des-prairies-canadiennes\/"},"modified":"2025-11-11T21:17:33","modified_gmt":"2025-11-11T21:17:33","slug":"agriculteurs-des-prairies-canadiennes","status":"publish","type":"page","link":"https:\/\/nutstoyou.ca\/fr\/nos-producteurs\/agriculteurs-des-prairies-canadiennes\/","title":{"rendered":"Agriculteurs des Prairies canadiennes"},"content":{"rendered":"<p><div class=\"fusion-fullwidth fullwidth-box fusion-builder-row-1 fusion-flex-container has-pattern-background has-mask-background fusion-parallax-none hundred-percent-fullwidth non-hundred-percent-height-scrolling\" style=\"--awb-border-radius-top-left:0px;--awb-border-radius-top-right:0px;--awb-border-radius-bottom-right:0px;--awb-border-radius-bottom-left:0px;--awb-margin-top:0px;--awb-min-height:600px;--awb-background-image:url(&quot;https:\/\/nutstoyou.ca\/wp-content\/uploads\/2025\/11\/DSC00477_edit_cropped-1024x573.png&quot;);--awb-background-size:cover;--awb-flex-wrap:wrap;\" ><div class=\"fusion-builder-row fusion-row fusion-flex-align-items-center fusion-flex-justify-content-center fusion-flex-content-wrap\" style=\"width:104% !important;max-width:104% !important;margin-left: calc(-4% \/ 2 );margin-right: calc(-4% \/ 2 );\"><div class=\"fusion-layout-column fusion_builder_column fusion-builder-column-0 fusion_builder_column_1_1 1_1 fusion-flex-column fusion-flex-align-self-center\" style=\"--awb-bg-size:cover;--awb-width-large:100%;--awb-margin-top-large:0px;--awb-spacing-right-large:1.92%;--awb-margin-bottom-large:20px;--awb-spacing-left-large:1.92%;--awb-width-medium:100%;--awb-order-medium:0;--awb-spacing-right-medium:1.92%;--awb-spacing-left-medium:1.92%;--awb-width-small:100%;--awb-order-small:0;--awb-spacing-right-small:1.92%;--awb-spacing-left-small:1.92%;\" data-scroll-devices=\"small-visibility,medium-visibility,large-visibility\"><div class=\"fusion-column-wrapper fusion-column-has-shadow fusion-flex-justify-content-center fusion-content-layout-row fusion-flex-align-items-center\"><div class=\"fusion-text fusion-text-1\" style=\"--awb-content-alignment:center;--awb-text-color:#ffffff;--awb-max-width:675px;\"><h1 style=\"text-align: center; color: white;\">Agriculteurs des Prairies canadiennes<\/h1>\n<\/div><\/div><\/div><\/div><\/div><div class=\"fusion-fullwidth fullwidth-box fusion-builder-row-2 fusion-flex-container has-pattern-background has-mask-background nonhundred-percent-fullwidth non-hundred-percent-height-scrolling\" style=\"--awb-border-radius-top-left:0px;--awb-border-radius-top-right:0px;--awb-border-radius-bottom-right:0px;--awb-border-radius-bottom-left:0px;--awb-margin-top:60px;--awb-flex-wrap:wrap;\" ><div class=\"fusion-builder-row fusion-row fusion-flex-align-items-flex-start fusion-flex-content-wrap\" style=\"max-width:1248px;margin-left: calc(-4% \/ 2 );margin-right: calc(-4% \/ 2 );\"><div class=\"fusion-layout-column fusion_builder_column fusion-builder-column-1 fusion_builder_column_1_1 1_1 fusion-flex-column\" style=\"--awb-bg-size:cover;--awb-width-large:100%;--awb-margin-top-large:0px;--awb-spacing-right-large:1.92%;--awb-margin-bottom-large:20px;--awb-spacing-left-large:1.92%;--awb-width-medium:100%;--awb-order-medium:0;--awb-spacing-right-medium:1.92%;--awb-spacing-left-medium:1.92%;--awb-width-small:100%;--awb-order-small:0;--awb-spacing-right-small:1.92%;--awb-spacing-left-small:1.92%;\"><div class=\"fusion-column-wrapper fusion-column-has-shadow fusion-flex-justify-content-flex-start fusion-content-layout-column\"><div class=\"fusion-text fusion-text-2\"><h2 style=\"text-align: center;\"><strong>Les tournesols sont originaires<\/strong> d&rsquo; Am\u00e9rique du Nord et d&rsquo;Am\u00e9rique du Sud, o\u00f9 les peuples indig\u00e8nes ont \u00e9t\u00e9 les premiers \u00e0 les cultiver. Pendant 4 000 ans, les cueilleurs ont s\u00e9lectionn\u00e9 les plus grosses graines des plus grosses t\u00eates, ann\u00e9e apr\u00e8s ann\u00e9e, d\u00e9veloppant ainsi les plus gros tournesols qui, \u00e0 leur tour, produisaient les plus grosses graines.<\/h2>\n<\/div><\/div><\/div><\/div><\/div><div class=\"fusion-fullwidth fullwidth-box fusion-builder-row-3 fusion-flex-container has-pattern-background has-mask-background nonhundred-percent-fullwidth non-hundred-percent-height-scrolling\" style=\"--awb-border-radius-top-left:0px;--awb-border-radius-top-right:0px;--awb-border-radius-bottom-right:0px;--awb-border-radius-bottom-left:0px;--awb-flex-wrap:wrap;\" ><div class=\"fusion-builder-row fusion-row fusion-flex-align-items-flex-start fusion-flex-content-wrap\" style=\"max-width:1248px;margin-left: calc(-4% \/ 2 );margin-right: calc(-4% \/ 2 );\"><div class=\"fusion-layout-column fusion_builder_column fusion-builder-column-2 fusion_builder_column_1_2 1_2 fusion-flex-column fusion-flex-align-self-center\" style=\"--awb-bg-size:cover;--awb-width-large:50%;--awb-margin-top-large:0px;--awb-spacing-right-large:3.84%;--awb-margin-bottom-large:20px;--awb-spacing-left-large:3.84%;--awb-width-medium:50%;--awb-order-medium:0;--awb-spacing-right-medium:3.84%;--awb-spacing-left-medium:3.84%;--awb-width-small:100%;--awb-order-small:0;--awb-spacing-right-small:1.92%;--awb-spacing-left-small:1.92%;\" data-scroll-devices=\"small-visibility,medium-visibility,large-visibility\"><div class=\"fusion-column-wrapper fusion-column-has-shadow fusion-flex-justify-content-flex-start fusion-content-layout-column\"><div class=\"fusion-image-element \" style=\"text-align:right;--awb-caption-title-font-family:var(--h2_typography-font-family);--awb-caption-title-font-weight:var(--h2_typography-font-weight);--awb-caption-title-font-style:var(--h2_typography-font-style);--awb-caption-title-size:var(--h2_typography-font-size);--awb-caption-title-transform:var(--h2_typography-text-transform);--awb-caption-title-line-height:var(--h2_typography-line-height);--awb-caption-title-letter-spacing:var(--h2_typography-letter-spacing);\"><span class=\" fusion-imageframe imageframe-none imageframe-1 hover-type-none\"><img decoding=\"async\" width=\"1024\" height=\"682\" title=\"DSC01089\" src=\"https:\/\/nutstoyou.ca\/wp-content\/uploads\/2025\/11\/DSC01089-1024x682.jpg\" alt class=\"img-responsive wp-image-1116\" srcset=\"https:\/\/nutstoyou.ca\/wp-content\/uploads\/2025\/11\/DSC01089-200x133.jpg 200w, https:\/\/nutstoyou.ca\/wp-content\/uploads\/2025\/11\/DSC01089-400x266.jpg 400w, https:\/\/nutstoyou.ca\/wp-content\/uploads\/2025\/11\/DSC01089-600x399.jpg 600w, https:\/\/nutstoyou.ca\/wp-content\/uploads\/2025\/11\/DSC01089-800x532.jpg 800w, https:\/\/nutstoyou.ca\/wp-content\/uploads\/2025\/11\/DSC01089-1200x799.jpg 1200w\" sizes=\"(max-width: 640px) 100vw, 600px\" \/><\/span><\/div><\/div><\/div><div class=\"fusion-layout-column fusion_builder_column fusion-builder-column-3 fusion_builder_column_1_2 1_2 fusion-flex-column fusion-flex-align-self-center\" style=\"--awb-bg-size:cover;--awb-width-large:50%;--awb-margin-top-large:0px;--awb-spacing-right-large:3.84%;--awb-margin-bottom-large:20px;--awb-spacing-left-large:3.84%;--awb-width-medium:50%;--awb-order-medium:0;--awb-spacing-right-medium:3.84%;--awb-spacing-left-medium:3.84%;--awb-width-small:100%;--awb-order-small:0;--awb-spacing-right-small:1.92%;--awb-spacing-left-small:1.92%;\" data-scroll-devices=\"small-visibility,medium-visibility,large-visibility\"><div class=\"fusion-column-wrapper fusion-column-has-shadow fusion-flex-justify-content-flex-start fusion-content-layout-column\"><div class=\"fusion-text fusion-text-3\"><h5>Les recherches montrent que les graines constituaient un aliment de base important pour les cultures indig\u00e8nes d\u00e8s 2300 avant notre \u00e8re. Les graines de tournesol faisaient partie d&rsquo;un r\u00e9gime alimentaire r\u00e9gulier au m\u00eame titre que le ma\u00efs, la courge et les haricots, connus sous le nom de \u00ab\u00a0trois s\u0153urs\u00a0\u00bb.<\/p>\n<p>Moins ancien, Nuts to You a commenc\u00e9 \u00e0 produire du <strong><a href=\"https:\/\/nutstoyou.ca\/products\/sunflower-seed-butter\/\">beurre de graines de tournesol <\/a><\/strong>en 1989, et nous sommes fiers de produire un beurre de graines \u00e0 partir de graines cultiv\u00e9es par des agriculteurs canadiens. Notre beurre de graines de tournesol est fabriqu\u00e9 exclusivement \u00e0 partir de graines cultiv\u00e9es au Manitoba et en Saskatchewan.<\/h5>\n<\/div><\/div><\/div><div class=\"fusion-layout-column fusion_builder_column fusion-builder-column-4 fusion_builder_column_1_2 1_2 fusion-flex-column fusion-flex-align-self-center\" style=\"--awb-bg-size:cover;--awb-width-large:50%;--awb-margin-top-large:0px;--awb-spacing-right-large:3.84%;--awb-margin-bottom-large:20px;--awb-spacing-left-large:3.84%;--awb-width-medium:50%;--awb-order-medium:0;--awb-spacing-right-medium:3.84%;--awb-spacing-left-medium:3.84%;--awb-width-small:100%;--awb-order-small:0;--awb-spacing-right-small:1.92%;--awb-spacing-left-small:1.92%;\" data-scroll-devices=\"small-visibility,medium-visibility,large-visibility\"><div class=\"fusion-column-wrapper fusion-column-has-shadow fusion-flex-justify-content-flex-start fusion-content-layout-column\"><div class=\"fusion-text fusion-text-4\"><h5 style=\"text-align: right;\"> R\u00e9colt\u00e9es \u00e0 partir des t\u00eates de tournesol s\u00e9ch\u00e9es, les graines de tournesol sont riches en vitamine E, en fer, en graisses essentielles et en prot\u00e9ines, et ne contiennent ni OGM ni gluten. Le beurre de graines de tournesol est un excellent aliment de base pour les smoothies, les vinaigrettes et les sauces pour les saut\u00e9s. La chlorophylle naturellement pr\u00e9sente dans les graines de tournesol r\u00e9agit avec le bicarbonate de soude ou la poudre pendant le processus de cuisson, et les produits de boulangerie prennent une couleur verte tout \u00e0 fait inoffensive.<\/h5>\n<\/div><\/div><\/div><div class=\"fusion-layout-column fusion_builder_column fusion-builder-column-5 fusion_builder_column_1_2 1_2 fusion-flex-column fusion-flex-align-self-center\" style=\"--awb-bg-size:cover;--awb-width-large:50%;--awb-margin-top-large:0px;--awb-spacing-right-large:3.84%;--awb-margin-bottom-large:20px;--awb-spacing-left-large:3.84%;--awb-width-medium:50%;--awb-order-medium:0;--awb-spacing-right-medium:3.84%;--awb-spacing-left-medium:3.84%;--awb-width-small:100%;--awb-order-small:0;--awb-spacing-right-small:1.92%;--awb-spacing-left-small:1.92%;\" data-scroll-devices=\"small-visibility,medium-visibility,large-visibility\"><div class=\"fusion-column-wrapper fusion-column-has-shadow fusion-flex-justify-content-flex-start fusion-content-layout-column\"><div class=\"fusion-image-element \" style=\"text-align:left;--awb-caption-title-font-family:var(--h2_typography-font-family);--awb-caption-title-font-weight:var(--h2_typography-font-weight);--awb-caption-title-font-style:var(--h2_typography-font-style);--awb-caption-title-size:var(--h2_typography-font-size);--awb-caption-title-transform:var(--h2_typography-text-transform);--awb-caption-title-line-height:var(--h2_typography-line-height);--awb-caption-title-letter-spacing:var(--h2_typography-letter-spacing);\"><span class=\" fusion-imageframe imageframe-none imageframe-2 hover-type-none\"><img decoding=\"async\" width=\"1024\" height=\"682\" title=\"DSC00515\" src=\"https:\/\/nutstoyou.ca\/wp-content\/uploads\/2025\/11\/DSC00515-1024x682.jpg\" alt class=\"img-responsive wp-image-1117\" srcset=\"https:\/\/nutstoyou.ca\/wp-content\/uploads\/2025\/11\/DSC00515-200x133.jpg 200w, https:\/\/nutstoyou.ca\/wp-content\/uploads\/2025\/11\/DSC00515-400x266.jpg 400w, https:\/\/nutstoyou.ca\/wp-content\/uploads\/2025\/11\/DSC00515-600x399.jpg 600w, https:\/\/nutstoyou.ca\/wp-content\/uploads\/2025\/11\/DSC00515-800x532.jpg 800w, https:\/\/nutstoyou.ca\/wp-content\/uploads\/2025\/11\/DSC00515-1200x799.jpg 1200w\" sizes=\"(max-width: 640px) 100vw, 600px\" \/><\/span><\/div><\/div><\/div><div class=\"fusion-layout-column fusion_builder_column fusion-builder-column-6 fusion_builder_column_1_2 1_2 fusion-flex-column\" style=\"--awb-bg-size:cover;--awb-width-large:50%;--awb-margin-top-large:0px;--awb-spacing-right-large:3.84%;--awb-margin-bottom-large:20px;--awb-spacing-left-large:3.84%;--awb-width-medium:50%;--awb-order-medium:0;--awb-spacing-right-medium:3.84%;--awb-spacing-left-medium:3.84%;--awb-width-small:100%;--awb-order-small:0;--awb-spacing-right-small:1.92%;--awb-spacing-left-small:1.92%;\"><div class=\"fusion-column-wrapper fusion-column-has-shadow fusion-flex-justify-content-flex-start fusion-content-layout-column\"><div class=\"fusion-image-element \" style=\"--awb-caption-title-font-family:var(--h2_typography-font-family);--awb-caption-title-font-weight:var(--h2_typography-font-weight);--awb-caption-title-font-style:var(--h2_typography-font-style);--awb-caption-title-size:var(--h2_typography-font-size);--awb-caption-title-transform:var(--h2_typography-text-transform);--awb-caption-title-line-height:var(--h2_typography-line-height);--awb-caption-title-letter-spacing:var(--h2_typography-letter-spacing);\"><span class=\" fusion-imageframe imageframe-none imageframe-3 hover-type-none\"><img decoding=\"async\" width=\"1024\" height=\"682\" title=\"DSC01086_2\" src=\"https:\/\/nutstoyou.ca\/wp-content\/uploads\/2025\/11\/DSC01086_2-1024x682.png\" alt class=\"img-responsive wp-image-1118\" srcset=\"https:\/\/nutstoyou.ca\/wp-content\/uploads\/2025\/11\/DSC01086_2-200x133.png 200w, https:\/\/nutstoyou.ca\/wp-content\/uploads\/2025\/11\/DSC01086_2-400x266.png 400w, https:\/\/nutstoyou.ca\/wp-content\/uploads\/2025\/11\/DSC01086_2-600x399.png 600w, https:\/\/nutstoyou.ca\/wp-content\/uploads\/2025\/11\/DSC01086_2-800x533.png 800w, https:\/\/nutstoyou.ca\/wp-content\/uploads\/2025\/11\/DSC01086_2-1200x799.png 1200w\" sizes=\"(max-width: 640px) 100vw, 600px\" \/><\/span><\/div><\/div><\/div><div class=\"fusion-layout-column fusion_builder_column fusion-builder-column-7 fusion_builder_column_1_2 1_2 fusion-flex-column\" style=\"--awb-bg-size:cover;--awb-width-large:50%;--awb-margin-top-large:0px;--awb-spacing-right-large:3.84%;--awb-margin-bottom-large:20px;--awb-spacing-left-large:3.84%;--awb-width-medium:50%;--awb-order-medium:0;--awb-spacing-right-medium:3.84%;--awb-spacing-left-medium:3.84%;--awb-width-small:100%;--awb-order-small:0;--awb-spacing-right-small:1.92%;--awb-spacing-left-small:1.92%;\"><div class=\"fusion-column-wrapper fusion-column-has-shadow fusion-flex-justify-content-flex-start fusion-content-layout-column\"><div class=\"fusion-image-element \" style=\"--awb-caption-title-font-family:var(--h2_typography-font-family);--awb-caption-title-font-weight:var(--h2_typography-font-weight);--awb-caption-title-font-style:var(--h2_typography-font-style);--awb-caption-title-size:var(--h2_typography-font-size);--awb-caption-title-transform:var(--h2_typography-text-transform);--awb-caption-title-line-height:var(--h2_typography-line-height);--awb-caption-title-letter-spacing:var(--h2_typography-letter-spacing);\"><span class=\" fusion-imageframe imageframe-none imageframe-4 hover-type-none\"><img decoding=\"async\" width=\"1024\" height=\"682\" title=\"DSC00481\" src=\"https:\/\/nutstoyou.ca\/wp-content\/uploads\/2025\/11\/DSC00481-1024x682.jpg\" alt class=\"img-responsive wp-image-1119\" srcset=\"https:\/\/nutstoyou.ca\/wp-content\/uploads\/2025\/11\/DSC00481-200x133.jpg 200w, https:\/\/nutstoyou.ca\/wp-content\/uploads\/2025\/11\/DSC00481-400x266.jpg 400w, https:\/\/nutstoyou.ca\/wp-content\/uploads\/2025\/11\/DSC00481-600x399.jpg 600w, https:\/\/nutstoyou.ca\/wp-content\/uploads\/2025\/11\/DSC00481-800x532.jpg 800w, https:\/\/nutstoyou.ca\/wp-content\/uploads\/2025\/11\/DSC00481-1200x799.jpg 1200w\" sizes=\"(max-width: 640px) 100vw, 600px\" \/><\/span><\/div><\/div><\/div><div class=\"fusion-layout-column fusion_builder_column fusion-builder-column-8 fusion_builder_column_1_1 1_1 fusion-flex-column\" style=\"--awb-bg-size:cover;--awb-width-large:100%;--awb-margin-top-large:0px;--awb-spacing-right-large:1.92%;--awb-margin-bottom-large:20px;--awb-spacing-left-large:1.92%;--awb-width-medium:100%;--awb-order-medium:0;--awb-spacing-right-medium:1.92%;--awb-spacing-left-medium:1.92%;--awb-width-small:100%;--awb-order-small:0;--awb-spacing-right-small:1.92%;--awb-spacing-left-small:1.92%;\"><div class=\"fusion-column-wrapper fusion-column-has-shadow fusion-flex-justify-content-flex-start fusion-content-layout-column\"><div class=\"fusion-text fusion-text-5\"><h6 style=\"text-align: center;\">Photographie : Louise Carduner, The Scouler Company<\/h6>\n<\/div><\/div><\/div><\/div><\/div><div class=\"fusion-fullwidth fullwidth-box fusion-builder-row-4 fusion-flex-container has-pattern-background has-mask-background nonhundred-percent-fullwidth non-hundred-percent-height-scrolling\" style=\"--awb-border-radius-top-left:0px;--awb-border-radius-top-right:0px;--awb-border-radius-bottom-right:0px;--awb-border-radius-bottom-left:0px;--awb-flex-wrap:wrap;\" ><div class=\"fusion-builder-row fusion-row fusion-flex-align-items-flex-start fusion-flex-content-wrap\" style=\"max-width:1248px;margin-left: calc(-4% \/ 2 );margin-right: calc(-4% \/ 2 );\"><div class=\"fusion-layout-column fusion_builder_column fusion-builder-column-9 fusion_builder_column_1_1 1_1 fusion-flex-column\" style=\"--awb-bg-size:cover;--awb-width-large:100%;--awb-margin-top-large:0px;--awb-spacing-right-large:1.92%;--awb-margin-bottom-large:20px;--awb-spacing-left-large:1.92%;--awb-width-medium:100%;--awb-order-medium:0;--awb-spacing-right-medium:1.92%;--awb-spacing-left-medium:1.92%;--awb-width-small:100%;--awb-order-small:0;--awb-spacing-right-small:1.92%;--awb-spacing-left-small:1.92%;\"><div class=\"fusion-column-wrapper fusion-column-has-shadow fusion-flex-justify-content-flex-start fusion-content-layout-column\"><div class=\"fusion-separator fusion-full-width-sep\" style=\"align-self: center;margin-left: auto;margin-right: auto;width:100%;\"><div class=\"fusion-separator-border sep-single\" style=\"--awb-height:20px;--awb-amount:20px;border-color:var(--awb-color8);border-top-width:4px;\"><\/div><\/div><div class=\"fusion-text fusion-text-6\"><p><a href=\"https:\/\/nutstoyou.ca\/fr\/nos-producteurs\/\">&lt; Nos producteurs<\/a><\/p>\n<\/div><\/div><\/div><\/div><\/div><\/p>\n","protected":false},"excerpt":{"rendered":"","protected":false},"author":2,"featured_media":0,"parent":1071,"menu_order":0,"comment_status":"closed","ping_status":"closed","template":"100-width.php","meta":{"footnotes":""},"class_list":["post-1125","page","type-page","status-publish","hentry"],"yoast_head":"<!-- This site is optimized with the Yoast SEO plugin v27.5 - https:\/\/yoast.com\/product\/yoast-seo-wordpress\/ -->\n<title>Agriculteurs des Prairies canadiennes - Nuts to You Nut Butter<\/title>\n<meta name=\"robots\" content=\"index, follow, max-snippet:-1, max-image-preview:large, max-video-preview:-1\" \/>\n<link rel=\"canonical\" href=\"https:\/\/nutstoyou.ca\/fr\/nos-producteurs\/agriculteurs-des-prairies-canadiennes\/\" \/>\n<meta property=\"og:locale\" content=\"fr_FR\" \/>\n<meta property=\"og:type\" content=\"article\" \/>\n<meta property=\"og:title\" content=\"Agriculteurs des Prairies canadiennes - Nuts to You Nut Butter\" \/>\n<meta property=\"og:url\" content=\"https:\/\/nutstoyou.ca\/fr\/nos-producteurs\/agriculteurs-des-prairies-canadiennes\/\" \/>\n<meta property=\"og:site_name\" content=\"Nuts to You Nut Butter\" \/>\n<meta property=\"article:modified_time\" content=\"2025-11-11T21:17:33+00:00\" \/>\n<meta name=\"twitter:card\" content=\"summary_large_image\" \/>\n<meta name=\"twitter:label1\" content=\"Dur\u00e9e de lecture estim\u00e9e\" \/>\n\t<meta name=\"twitter:data1\" content=\"46 minutes\" \/>\n<script type=\"application\/ld+json\" class=\"yoast-schema-graph\">{\"@context\":\"https:\\\/\\\/schema.org\",\"@graph\":[{\"@type\":\"WebPage\",\"@id\":\"https:\\\/\\\/nutstoyou.ca\\\/fr\\\/nos-producteurs\\\/agriculteurs-des-prairies-canadiennes\\\/\",\"url\":\"https:\\\/\\\/nutstoyou.ca\\\/fr\\\/nos-producteurs\\\/agriculteurs-des-prairies-canadiennes\\\/\",\"name\":\"Agriculteurs des Prairies canadiennes - Nuts to You Nut Butter\",\"isPartOf\":{\"@id\":\"https:\\\/\\\/nutstoyou.ca\\\/fr\\\/#website\"},\"datePublished\":\"2025-11-07T16:37:21+00:00\",\"dateModified\":\"2025-11-11T21:17:33+00:00\",\"breadcrumb\":{\"@id\":\"https:\\\/\\\/nutstoyou.ca\\\/fr\\\/nos-producteurs\\\/agriculteurs-des-prairies-canadiennes\\\/#breadcrumb\"},\"inLanguage\":\"fr-FR\",\"potentialAction\":[{\"@type\":\"ReadAction\",\"target\":[\"https:\\\/\\\/nutstoyou.ca\\\/fr\\\/nos-producteurs\\\/agriculteurs-des-prairies-canadiennes\\\/\"]}]},{\"@type\":\"BreadcrumbList\",\"@id\":\"https:\\\/\\\/nutstoyou.ca\\\/fr\\\/nos-producteurs\\\/agriculteurs-des-prairies-canadiennes\\\/#breadcrumb\",\"itemListElement\":[{\"@type\":\"ListItem\",\"position\":1,\"name\":\"Home\",\"item\":\"https:\\\/\\\/nutstoyou.ca\\\/fr\\\/accueil\\\/\"},{\"@type\":\"ListItem\",\"position\":2,\"name\":\"Nos producteurs\",\"item\":\"https:\\\/\\\/nutstoyou.ca\\\/fr\\\/nos-producteurs\\\/\"},{\"@type\":\"ListItem\",\"position\":3,\"name\":\"Agriculteurs des Prairies canadiennes\"}]},{\"@type\":\"WebSite\",\"@id\":\"https:\\\/\\\/nutstoyou.ca\\\/fr\\\/#website\",\"url\":\"https:\\\/\\\/nutstoyou.ca\\\/fr\\\/\",\"name\":\"Nuts to You Nut Butter\",\"description\":\"More then a spread for bread!\",\"potentialAction\":[{\"@type\":\"SearchAction\",\"target\":{\"@type\":\"EntryPoint\",\"urlTemplate\":\"https:\\\/\\\/nutstoyou.ca\\\/fr\\\/?s={search_term_string}\"},\"query-input\":{\"@type\":\"PropertyValueSpecification\",\"valueRequired\":true,\"valueName\":\"search_term_string\"}}],\"inLanguage\":\"fr-FR\"}]}<\/script>\n<!-- \/ Yoast SEO plugin. -->","yoast_head_json":{"title":"Agriculteurs des Prairies canadiennes - Nuts to You Nut Butter","robots":{"index":"index","follow":"follow","max-snippet":"max-snippet:-1","max-image-preview":"max-image-preview:large","max-video-preview":"max-video-preview:-1"},"canonical":"https:\/\/nutstoyou.ca\/fr\/nos-producteurs\/agriculteurs-des-prairies-canadiennes\/","og_locale":"fr_FR","og_type":"article","og_title":"Agriculteurs des Prairies canadiennes - Nuts to You Nut Butter","og_url":"https:\/\/nutstoyou.ca\/fr\/nos-producteurs\/agriculteurs-des-prairies-canadiennes\/","og_site_name":"Nuts to You Nut Butter","article_modified_time":"2025-11-11T21:17:33+00:00","twitter_card":"summary_large_image","twitter_misc":{"Dur\u00e9e de lecture estim\u00e9e":"46 minutes"},"schema":{"@context":"https:\/\/schema.org","@graph":[{"@type":"WebPage","@id":"https:\/\/nutstoyou.ca\/fr\/nos-producteurs\/agriculteurs-des-prairies-canadiennes\/","url":"https:\/\/nutstoyou.ca\/fr\/nos-producteurs\/agriculteurs-des-prairies-canadiennes\/","name":"Agriculteurs des Prairies canadiennes - Nuts to You Nut Butter","isPartOf":{"@id":"https:\/\/nutstoyou.ca\/fr\/#website"},"datePublished":"2025-11-07T16:37:21+00:00","dateModified":"2025-11-11T21:17:33+00:00","breadcrumb":{"@id":"https:\/\/nutstoyou.ca\/fr\/nos-producteurs\/agriculteurs-des-prairies-canadiennes\/#breadcrumb"},"inLanguage":"fr-FR","potentialAction":[{"@type":"ReadAction","target":["https:\/\/nutstoyou.ca\/fr\/nos-producteurs\/agriculteurs-des-prairies-canadiennes\/"]}]},{"@type":"BreadcrumbList","@id":"https:\/\/nutstoyou.ca\/fr\/nos-producteurs\/agriculteurs-des-prairies-canadiennes\/#breadcrumb","itemListElement":[{"@type":"ListItem","position":1,"name":"Home","item":"https:\/\/nutstoyou.ca\/fr\/accueil\/"},{"@type":"ListItem","position":2,"name":"Nos producteurs","item":"https:\/\/nutstoyou.ca\/fr\/nos-producteurs\/"},{"@type":"ListItem","position":3,"name":"Agriculteurs des Prairies canadiennes"}]},{"@type":"WebSite","@id":"https:\/\/nutstoyou.ca\/fr\/#website","url":"https:\/\/nutstoyou.ca\/fr\/","name":"Nuts to You Nut Butter","description":"More then a spread for bread!","potentialAction":[{"@type":"SearchAction","target":{"@type":"EntryPoint","urlTemplate":"https:\/\/nutstoyou.ca\/fr\/?s={search_term_string}"},"query-input":{"@type":"PropertyValueSpecification","valueRequired":true,"valueName":"search_term_string"}}],"inLanguage":"fr-FR"}]}},"_links":{"self":[{"href":"https:\/\/nutstoyou.ca\/fr\/wp-json\/wp\/v2\/pages\/1125","targetHints":{"allow":["GET"]}}],"collection":[{"href":"https:\/\/nutstoyou.ca\/fr\/wp-json\/wp\/v2\/pages"}],"about":[{"href":"https:\/\/nutstoyou.ca\/fr\/wp-json\/wp\/v2\/types\/page"}],"author":[{"embeddable":true,"href":"https:\/\/nutstoyou.ca\/fr\/wp-json\/wp\/v2\/users\/2"}],"replies":[{"embeddable":true,"href":"https:\/\/nutstoyou.ca\/fr\/wp-json\/wp\/v2\/comments?post=1125"}],"version-history":[{"count":7,"href":"https:\/\/nutstoyou.ca\/fr\/wp-json\/wp\/v2\/pages\/1125\/revisions"}],"predecessor-version":[{"id":1137,"href":"https:\/\/nutstoyou.ca\/fr\/wp-json\/wp\/v2\/pages\/1125\/revisions\/1137"}],"up":[{"embeddable":true,"href":"https:\/\/nutstoyou.ca\/fr\/wp-json\/wp\/v2\/pages\/1071"}],"wp:attachment":[{"href":"https:\/\/nutstoyou.ca\/fr\/wp-json\/wp\/v2\/media?parent=1125"}],"curies":[{"name":"wp","href":"https:\/\/api.w.org\/{rel}","templated":true}]}}